{"id":109,"date":"2023-05-09T13:58:20","date_gmt":"2023-05-09T11:58:20","guid":{"rendered":"https:\/\/svtuinplanten.nl\/?page_id=109"},"modified":"2023-09-28T14:19:58","modified_gmt":"2023-09-28T12:19:58","slug":"home","status":"publish","type":"page","link":"https:\/\/svtuinplanten.nl\/de\/","title":{"rendered":"Home"},"content":{"rendered":"\n<section id=\"hero\" class=\"min-h-[600px] md:min-h-[720px] lg:min-h-screen w-full relative z-0 bg-black flex flex-col items-center justify-center overflow-hidden\">\n    <div class=\"max-w-screen-lg mx-auto z-[1] px-6 lg:px-0\"> \n        <h1 class=\"text-center text-2xl md:text-4xl lg:text-5xl font-bold text-white mb-12\">Der Spezialist f\u00fcr die Produktion von Str\u00e4uchern, immergr\u00fcnen Heckenpflanzen und Nadelgeh\u00f6lzen.<\/h1>\n        <div class=\"button-wrapper justify-center\">\n            <a href=\"\/de\/produktauswahl\" class=\"kj-button left mx-2 primary\">Produktauswahl<svg xmlns=\"http:\/\/www.w3.org\/2000\/svg\" fill=\"none\" viewBox=\"0 0 24 24\" stroke-width=\"2.5\" stroke=\"currentColor\" class=\"w-5 h-5 stroke-tertiary\"><path stroke-linecap=\"round\" stroke-linejoin=\"round\" d=\"M8.25 4.5l7.5 7.5-7.5 7.5\" \/><\/svg><\/a>            <a href=\"\/de\/uber\" class=\"kj-button right mx-2 secondary\">\u00dcber uns<svg xmlns=\"http:\/\/www.w3.org\/2000\/svg\" fill=\"none\" viewBox=\"0 0 24 24\" stroke-width=\"2.5\" stroke=\"currentColor\" class=\"w-5 h-5 stroke-tertiary\"><path stroke-linecap=\"round\" stroke-linejoin=\"round\" d=\"M8.25 4.5l7.5 7.5-7.5 7.5\" \/><\/svg><\/a>        <\/div>\n    <\/div>\n    <div class=\"background-container z-[0]\">\n                    <video loop=\"\" muted=\"\" playsinline=\"\" autoplay=\"\" poster=\"https:\/\/svtuinplanten.nl\/wp-content\/uploads\/2023\/09\/sv-tuinplanten-home-start.jpg\" class=\"absolute z-[-1] top-1\/2 left-1\/2 h-auto w-full min-w-full min-h-full object-cover -translate-x-1\/2 -translate-y-1\/2\">\n                <source src=\"https:\/\/svtuinplanten.nl\/wp-content\/uploads\/2023\/09\/svtuinplanten-video.mp4\" type=\"video\/mp4\">\n            <\/video>\n            <div class=\"image-overlay opacity-30\"><\/div>\n            <\/div>\n<\/section>\n\n\n<section class=\"info-block relative section-margin bg-green-medium\/10\">\n    <div class=\"container section-padding\">\n        \n        <div class=\"grid grid-cols-1 lg:grid-cols-2 gap-8 lg:gap-32 \">\n            <div class=\"text-col col-span-1 flex flex-col justify-center order-1 pb-12 lg:py-12 md:order-1 \">\n                <h2 class=\"text-4xl font-bold text-green-dark  mb-6\">SV Tuinplanten<\/h2>\n                <div class=\"text-wrapper !my-0 text-green-black font-semibold max-w-screen-md\"><p>SV Tuinplanten mit Sitz in Ottersum und Ven-Zelderheide ist auf den Anbau eines umfangreichen Sortiments von Zierstr\u00e4uchern, immergr\u00fcnen Heckenpflanzen und Nadelb\u00e4umen im Container und aus dem Freiland in den Gr\u00f6\u00dfen von 50 cm bis 200 cm spezialisiert.<br \/>\nUnser moderner Maschinenpark und unsere perfektionierten Arbeitsabl\u00e4ufe sorgen daf\u00fcr, dass wir einheitliche Chargen in guter Qualit\u00e4t liefern k\u00f6nnen.<\/p>\n<\/div>\n                <div class=\"button-wrapper justify-start mt-8\"><a class=\"kj-button secondary left\" href=\"\/de\/uber\">\u00dcber uns<svg xmlns=\"http:\/\/www.w3.org\/2000\/svg\" fill=\"none\" viewBox=\"0 0 24 24\" stroke-width=\"2.5\" stroke=\"currentColor\" class=\"w-5 h-5 stroke-tertiary\"><path stroke-linecap=\"round\" stroke-linejoin=\"round\" d=\"M8.25 4.5l7.5 7.5-7.5 7.5\" \/><\/svg><\/a><\/div>            <\/div>\n                        <div class=\"image-col relative overflow-hidden w-full min-h-[56.25vw] lg:min-h-[unset] h-full col-span-1 order-2 md:order-2\">\n                <div class=\"background-container\">\n                    <img decoding=\"async\" class=\"rounded-[8px]\" src=\"https:\/\/svtuinplanten.nl\/wp-content\/uploads\/2023\/06\/over-sv-tuinplanten-luchtfoto.jpg\" alt=\"\">\n                <\/div>\n            <\/div>\n                    <\/div>\n\n    <\/div>\n<\/section>\n\n\n\n<section class=\"info-block relative section-margin bg-white\">\n    <div class=\"w-full \">\n        \n        <div class=\"grid grid-cols-1 lg:grid-cols-2  \">\n            <div class=\"text-col col-span-1 flex flex-col justify-center order-1 py-24 px-8 lg:px-12 xl:px-20 md:order-2 bg-green-dark\">\n                <h2 class=\"text-4xl font-bold text-green-light  mb-6\">Sortiment<\/h2>\n                <div class=\"text-wrapper !my-0 text-white font-semibold max-w-screen-md\"><p>Unsere Hauptkulturen im Freiland sind Prunus laurocerasus in Sorten, Prunus lusitanica Angustifolia, Ilex sowie Taxus, Photinia und Thuja in Sorten.<\/p>\n<\/div>\n                <div class=\"button-wrapper justify-start mt-8\"><a class=\"kj-button primary left\" href=\"\/de\/sortiment\">Mehr lesen<svg xmlns=\"http:\/\/www.w3.org\/2000\/svg\" fill=\"none\" viewBox=\"0 0 24 24\" stroke-width=\"2.5\" stroke=\"currentColor\" class=\"w-5 h-5 stroke-tertiary\"><path stroke-linecap=\"round\" stroke-linejoin=\"round\" d=\"M8.25 4.5l7.5 7.5-7.5 7.5\" \/><\/svg><\/a><\/div>            <\/div>\n                        <div class=\"image-col relative overflow-hidden w-full min-h-[56.25vw] lg:min-h-[unset] h-full col-span-1 order-2 md:order-1\">\n                <div class=\"background-container\">\n                    <img decoding=\"async\" class=\"\" src=\"https:\/\/svtuinplanten.nl\/wp-content\/uploads\/2023\/06\/sv-tuinplanten-kas-planten-kwekerij.jpg\" alt=\"\">\n                <\/div>\n            <\/div>\n                    <\/div>\n\n    <\/div>\n<\/section>\n\n\n\n<section id=\"video\" class=\"w-full relative bg-primary flex flex-col items-center justify-center overflow-hidden\">\n    <div class=\"container relative z-[2]\"> \n        <div class=\"w-full xl:max-w-screen-lg py-12 lg:py-24 mx-auto\">\n                            <div class=\"image-wrapper image-container horizontal rounded-md overflow-hidden\">\n                    <img decoding=\"async\" src=\"https:\/\/svtuinplanten.nl\/wp-content\/uploads\/2023\/09\/sv-tuinplanten-tractoren.jpg\" alt=\"\">\n                <\/div>\n                    <\/div>\n    <\/div>\n            <div class=\"background-container z-[0]\">\n            <img decoding=\"async\" src=\"https:\/\/svtuinplanten.nl\/wp-content\/uploads\/2023\/07\/sv-tuinplanten-ottersum.jpg\" alt=\"\">\n            <div class=\"image-overlay opacity-30\"><\/div>\n        <\/div>\n    <\/section>","protected":false},"excerpt":{"rendered":"","protected":false},"author":1,"featured_media":0,"parent":0,"menu_order":0,"comment_status":"closed","ping_status":"closed","template":"templates\/home.php","meta":{"_acf_changed":false,"footnotes":""},"class_list":["post-109","page","type-page","status-publish","hentry"],"acf":[],"_links":{"self":[{"href":"https:\/\/svtuinplanten.nl\/de\/wp-json\/wp\/v2\/pages\/109","targetHints":{"allow":["GET"]}}],"collection":[{"href":"https:\/\/svtuinplanten.nl\/de\/wp-json\/wp\/v2\/pages"}],"about":[{"href":"https:\/\/svtuinplanten.nl\/de\/wp-json\/wp\/v2\/types\/page"}],"author":[{"embeddable":true,"href":"https:\/\/svtuinplanten.nl\/de\/wp-json\/wp\/v2\/users\/1"}],"replies":[{"embeddable":true,"href":"https:\/\/svtuinplanten.nl\/de\/wp-json\/wp\/v2\/comments?post=109"}],"version-history":[{"count":5,"href":"https:\/\/svtuinplanten.nl\/de\/wp-json\/wp\/v2\/pages\/109\/revisions"}],"predecessor-version":[{"id":590,"href":"https:\/\/svtuinplanten.nl\/de\/wp-json\/wp\/v2\/pages\/109\/revisions\/590"}],"wp:attachment":[{"href":"https:\/\/svtuinplanten.nl\/de\/wp-json\/wp\/v2\/media?parent=109"}],"curies":[{"name":"wp","href":"https:\/\/api.w.org\/{rel}","templated":true}]}}