{"id":340,"date":"2023-05-09T16:28:28","date_gmt":"2023-05-09T14:28:28","guid":{"rendered":"https:\/\/svtuinplanten.nl\/?page_id=340"},"modified":"2023-10-03T17:05:29","modified_gmt":"2023-10-03T15:05:29","slug":"ueber","status":"publish","type":"page","link":"https:\/\/svtuinplanten.nl\/de\/ueber\/","title":{"rendered":"\u00dcber"},"content":{"rendered":"\n<section id=\"hero\" class=\"w-full relative flex flex-col items-center justify-center\">\n    <div class=\"max-w-screen-lg mx-auto z-[1]\"> \n        <h1 class=\"text-center text-4xl lg:text-5xl font-bold text-white py-24 lg:py-36\"><\/h1>\n    <\/div>\n    <div class=\"background-container z-[0] overflow-hidden\">\n        <img decoding=\"async\" src=\"https:\/\/svtuinplanten.nl\/wp-content\/uploads\/2023\/07\/sv-tuinplanten-overview-shot.jpg\" alt=\"\">\n        <div class=\"image-overlay h-full opacity-30\"><\/div>\n    <\/div>\n<\/section>\n\n\n<section class=\"info-block relative section-margin bg-green-medium\/10\">\n    <div class=\"container section-padding\">\n        \n        <div class=\"grid grid-cols-1 lg:grid-cols-2 gap-8 lg:gap-32 \">\n            <div class=\"text-col col-span-1 flex flex-col justify-center order-1 pb-12 lg:py-12 md:order-1 \">\n                <h2 class=\"text-4xl font-bold text-green-dark  mb-6\">\u00dcber SV Tuinplanten<\/h2>\n                <div class=\"text-wrapper !my-0 text-green-black font-semibold max-w-screen-md\"><p>SV Tuinplanten ist ein etablierter und bekannter Name in Ottersum und jetzt auch in Ven-Zelderheide. 1988 gr\u00fcndete Stef Verwaay zusammen mit seiner Frau Elly das Unternehmen. Im Jahr 2005 zog das Unternehmen vom Ottersumseweg an seinen heutigen Standort an der Aaldonksestraat und der Hoevensestraat in Ottersum um. <\/p>\n<p>Was damals als Hobby begann, hat sich mittlerweile zu einem Unternehmen mit 15 ha Freilandfl\u00e4che, 2 ha Gew\u00e4chshausfl\u00e4che und 2 ha Containerfl\u00e4che entwickelt. Wir besch\u00e4ftigen ein festes Team von motivierten und festangestellten Mitarbeitern.<\/p>\n<\/div>\n                            <\/div>\n                        <div class=\"image-col relative overflow-hidden w-full min-h-[56.25vw] lg:min-h-[unset] h-full col-span-1 order-2 md:order-2\">\n                <div class=\"background-container\">\n                    <img decoding=\"async\" class=\"rounded-[8px]\" src=\"https:\/\/svtuinplanten.nl\/wp-content\/uploads\/2023\/06\/sv-tuinplanten-locatie-bord-over.jpg\" alt=\"\">\n                <\/div>\n            <\/div>\n                    <\/div>\n\n    <\/div>\n<\/section>\n\n\n\n<section id=\"locations\" class=\"section-padding bg-primary relative overflow-hidden\">\n    <div class=\"container relative z-[2]\">\n        <div class=\"title-bar mb-16\">\n            <h2 class=\"section-title text-white\">Standorte<\/h2>\n        <\/div>\n        <div class=\"grid grid-cols-1 md:grid-cols-2 lg:grid-cols-3 gap-8\"><div class=\"col-span-1\"><div class=\"image-wrapper relative z-[2] p-2 bg-white rounded-[16px]\"><div class=\"image-container higher\"><video class=\"rounded-[8px]\" poster=\"https:\/\/svtuinplanten.nl\/wp-content\/uploads\/2023\/07\/locatie-aaldonksestraat.jpg\" controls><source src=\"https:\/\/svtuinplanten.nl\/wp-content\/uploads\/2023\/07\/01-aaldonksestraat.mp4\" type=\"video\/mp4\"><\/video><\/div><\/div><div class=\"title-wrapper relative inline-block z-[3] pl-4 -mb-4\"><div class=\"kj-button primary !block left -translate-y-1\/2 hover:-translate-y-1\/2\">Aaldonksestraat<\/div><\/div><div class=\"description-wrapper\"><div class=\"text-wrapper text-white\"><p>Im Jahr 2005 erfolgte der Umzug vom Ottersumseweg zum heutigen Standort an der Aaldonksestraat und der Hoevensestraat in Ottersum.<\/p>\n<\/div><\/div><\/div><div class=\"col-span-1\"><div class=\"image-wrapper relative z-[2] p-2 bg-white rounded-[16px]\"><div class=\"image-container higher\"><video class=\"rounded-[8px]\" poster=\"https:\/\/svtuinplanten.nl\/wp-content\/uploads\/2023\/07\/hoevensestraat-sv-tuinplanten.jpg\" controls><source src=\"https:\/\/svtuinplanten.nl\/wp-content\/uploads\/2023\/07\/08-hoevensestraat.mp4\" type=\"video\/mp4\"><\/video><\/div><\/div><div class=\"title-wrapper relative inline-block z-[3] pl-4 -mb-4\"><div class=\"kj-button primary !block left -translate-y-1\/2 hover:-translate-y-1\/2\">Hoevensestraat<\/div><\/div><div class=\"description-wrapper\"><div class=\"text-wrapper text-white\"><\/div><\/div><\/div><div class=\"col-span-1\"><div class=\"image-wrapper relative z-[2] p-2 bg-white rounded-[16px]\"><div class=\"image-container higher\"><video class=\"rounded-[8px]\" poster=\"https:\/\/svtuinplanten.nl\/wp-content\/uploads\/2023\/08\/locatie-kleine-bisselt.jpg\" controls><source src=\"https:\/\/svtuinplanten.nl\/wp-content\/uploads\/2023\/07\/17-kleine-bisselt.mp4\" type=\"video\/mp4\"><\/video><\/div><\/div><div class=\"title-wrapper relative inline-block z-[3] pl-4 -mb-4\"><div class=\"kj-button primary !block left -translate-y-1\/2 hover:-translate-y-1\/2\">Kleine Bisselt<\/div><\/div><div class=\"description-wrapper\"><div class=\"text-wrapper text-white\"><p>Im Jahr 2021 ist Dennis Raijmakers als Partner in das Unternehmen eingestiegen.  Mit ihm wurde der dritte Firmenstandort, an dem unter anderem der Anbau in einem 4000 m\u00b2 gro\u00dfen modernen Roll-Air-Gew\u00e4chshaus erfolgt, realisiert. <\/p>\n<\/div><\/div><\/div><\/div>    <\/div>\n            <div class=\"background-container absolute top-0 left-0 w-full h-full z-[1]\">\n            <img decoding=\"async\" class=\"rounded-[8px]\" src=\"https:\/\/svtuinplanten.nl\/wp-content\/uploads\/2023\/07\/locaties-sv-tuinplanten.jpg\" alt=\"\">\n            <div class=\"gradient-overlay bg-gradient-to-b from-green-dark\/50 to-green-dark\"><\/div>\n        <\/div>\n    <\/div>\n    <\/section>\n\n\n\n<section class=\"info-block relative section-margin bg-white\">\n    <div class=\"w-full \">\n        \n        <div class=\"grid grid-cols-1 lg:grid-cols-2  \">\n            <div class=\"text-col col-span-1 flex flex-col justify-center order-1 py-24 px-8 lg:px-12 xl:px-20 md:order-2 bg-green-black\">\n                <h2 class=\"text-4xl font-bold text-green-light  mb-6\">Unsere Grundwerte<\/h2>\n                <div class=\"text-wrapper !my-0 text-white font-semibold max-w-screen-md\"><p>Qualit\u00e4t, Service und Kontinuit\u00e4t sind f\u00fcr SV Tuinplanten von gr\u00f6\u00dfter Bedeutung, ebenso wie die langfristigen Beziehungen zu Lieferanten und Kunden. Dies macht das Unternehmen zu einem zuverl\u00e4ssigen und flexiblen Partner f\u00fcr den Pflanzengro\u00dfhandel, Cash and Carry-M\u00e4rkte, Landschaftsg\u00e4rtner, Gartencenter und online-H\u00e4ndler im In- und Ausland. <\/p>\n<\/div>\n                            <\/div>\n                        <div class=\"image-col relative overflow-hidden w-full min-h-[56.25vw] lg:min-h-[unset] h-full col-span-1 order-2 md:order-1\">\n                <div class=\"background-container\">\n                    <img decoding=\"async\" class=\"\" src=\"https:\/\/svtuinplanten.nl\/wp-content\/uploads\/2023\/10\/kernwaarden-sv-tuinplanten-beurs.jpg\" alt=\"\">\n                <\/div>\n            <\/div>\n                    <\/div>\n\n    <\/div>\n<\/section>\n\n\n\n<section id=\"team\" class=\"w-full relative bg-green-medium\/10 flex flex-col items-center justify-center section-padding\">\n    <div class=\"container\">\n        <div class=\"team-grid grid grid-cols-2 md:grid-cols-3 lg:grid-cols-4 xl:grid-cols-5 gap-8 lg:gap-16\">\n            <div class=\"team-lid col-span-1\"><div class=\"image-wrapper image-container square rounded-full\"><img decoding=\"async\" src=\"https:\/\/svtuinplanten.nl\/wp-content\/uploads\/2023\/08\/stef-verwaay.jpg\" alt=\"Stef Verwaay\"><\/div><div class=\"team-lid-info flex flex-col mt-8\"><span class=\"name text-base md:text-lg font-bold text-center text-green-black\">Stef Verwaay<\/span><a class=\"text-green-medium text-xs sm:text-sm md:text-base font-bold text-center\" href=\"mailto:sverwaay@svtuinplanten.nl\">sverwaay@svtuinplanten.nl<\/a><\/div><\/div><div class=\"team-lid col-span-1\"><div class=\"image-wrapper image-container square rounded-full\"><img decoding=\"async\" src=\"https:\/\/svtuinplanten.nl\/wp-content\/uploads\/2023\/08\/elly-verwaay.jpg\" alt=\"Elly Verwaay\"><\/div><div class=\"team-lid-info flex flex-col mt-8\"><span class=\"name text-base md:text-lg font-bold text-center text-green-black\">Elly Verwaay<\/span><a class=\"text-green-medium text-xs sm:text-sm md:text-base font-bold text-center\" href=\"mailto:elly@svtuinplanten.nl\">elly@svtuinplanten.nl<\/a><\/div><\/div><div class=\"team-lid col-span-1\"><div class=\"image-wrapper image-container square rounded-full\"><img decoding=\"async\" src=\"https:\/\/svtuinplanten.nl\/wp-content\/uploads\/2023\/08\/dennis-raijmakers.jpg\" alt=\"Dennis Raijmakers\"><\/div><div class=\"team-lid-info flex flex-col mt-8\"><span class=\"name text-base md:text-lg font-bold text-center text-green-black\">Dennis Raijmakers<\/span><a class=\"text-green-medium text-xs sm:text-sm md:text-base font-bold text-center\" href=\"mailto:draijmakers@svtuinplanten.nl\">draijmakers@svtuinplanten.nl<\/a><\/div><\/div><div class=\"team-lid col-span-1\"><div class=\"image-wrapper image-container square rounded-full\"><img decoding=\"async\" src=\"https:\/\/svtuinplanten.nl\/wp-content\/uploads\/2023\/08\/luuk-koppes.jpg\" alt=\"Luuk Koppes\"><\/div><div class=\"team-lid-info flex flex-col mt-8\"><span class=\"name text-base md:text-lg font-bold text-center text-green-black\">Luuk Koppes<\/span><a class=\"text-green-medium text-xs sm:text-sm md:text-base font-bold text-center\" href=\"mailto:lkoppes@svtuinplanten.nl\">lkoppes@svtuinplanten.nl<\/a><\/div><\/div><div class=\"team-lid col-span-1\"><div class=\"image-wrapper image-container square rounded-full\"><img decoding=\"async\" src=\"https:\/\/svtuinplanten.nl\/wp-content\/uploads\/2024\/12\/Carl-Website-1.jpg\" alt=\"Carl van Rens\"><\/div><div class=\"team-lid-info flex flex-col mt-8\"><span class=\"name text-base md:text-lg font-bold text-center text-green-black\">Carl van Rens<\/span><a class=\"text-green-medium text-xs sm:text-sm md:text-base font-bold text-center\" href=\"mailto:cvanrens@svtuinplanten.nl\">cvanrens@svtuinplanten.nl<\/a><\/div><\/div><div class=\"team-lid col-span-1\"><div class=\"image-wrapper image-container square rounded-full\"><img decoding=\"async\" src=\"https:\/\/svtuinplanten.nl\/wp-content\/uploads\/2023\/08\/rick-van-elst.jpg\" alt=\"Rick van Elst\"><\/div><div class=\"team-lid-info flex flex-col mt-8\"><span class=\"name text-base md:text-lg font-bold text-center text-green-black\">Rick van Elst<\/span><\/div><\/div><div class=\"team-lid col-span-1\"><div class=\"image-wrapper image-container square rounded-full\"><img decoding=\"async\" src=\"https:\/\/svtuinplanten.nl\/wp-content\/uploads\/2023\/08\/jhonny-kamps.jpg\" alt=\"Jhonny Kamps\"><\/div><div class=\"team-lid-info flex flex-col mt-8\"><span class=\"name text-base md:text-lg font-bold text-center text-green-black\">Jhonny Kamps<\/span><\/div><\/div><div class=\"team-lid col-span-1\"><div class=\"image-wrapper image-container square rounded-full\"><img decoding=\"async\" src=\"https:\/\/svtuinplanten.nl\/wp-content\/uploads\/2024\/08\/Romeyn-Boom-scaled.jpg\" alt=\"Romeyn Boom\"><\/div><div class=\"team-lid-info flex flex-col mt-8\"><span class=\"name text-base md:text-lg font-bold text-center text-green-black\">Romeyn Boom<\/span><\/div><\/div><div class=\"team-lid col-span-1\"><div class=\"image-wrapper image-container square rounded-full\"><img decoding=\"async\" src=\"https:\/\/svtuinplanten.nl\/wp-content\/uploads\/2025\/04\/1000118770-scaled.jpg\" alt=\"Henk Basten\"><\/div><div class=\"team-lid-info flex flex-col mt-8\"><span class=\"name text-base md:text-lg font-bold text-center text-green-black\">Henk Basten<\/span><\/div><\/div>        <\/div>\n    <\/div>\n<\/section>","protected":false},"excerpt":{"rendered":"","protected":false},"author":1,"featured_media":0,"parent":0,"menu_order":0,"comment_status":"closed","ping_status":"closed","template":"templates\/content.php","meta":{"_acf_changed":false,"footnotes":""},"class_list":["post-340","page","type-page","status-publish","hentry"],"acf":[],"_links":{"self":[{"href":"https:\/\/svtuinplanten.nl\/de\/wp-json\/wp\/v2\/pages\/340","targetHints":{"allow":["GET"]}}],"collection":[{"href":"https:\/\/svtuinplanten.nl\/de\/wp-json\/wp\/v2\/pages"}],"about":[{"href":"https:\/\/svtuinplanten.nl\/de\/wp-json\/wp\/v2\/types\/page"}],"author":[{"embeddable":true,"href":"https:\/\/svtuinplanten.nl\/de\/wp-json\/wp\/v2\/users\/1"}],"replies":[{"embeddable":true,"href":"https:\/\/svtuinplanten.nl\/de\/wp-json\/wp\/v2\/comments?post=340"}],"version-history":[{"count":5,"href":"https:\/\/svtuinplanten.nl\/de\/wp-json\/wp\/v2\/pages\/340\/revisions"}],"predecessor-version":[{"id":609,"href":"https:\/\/svtuinplanten.nl\/de\/wp-json\/wp\/v2\/pages\/340\/revisions\/609"}],"wp:attachment":[{"href":"https:\/\/svtuinplanten.nl\/de\/wp-json\/wp\/v2\/media?parent=340"}],"curies":[{"name":"wp","href":"https:\/\/api.w.org\/{rel}","templated":true}]}}