{"id":386,"date":"2023-05-09T16:28:19","date_gmt":"2023-05-09T14:28:19","guid":{"rendered":"https:\/\/svtuinplanten.nl\/?page_id=386"},"modified":"2023-10-20T18:34:32","modified_gmt":"2023-10-20T16:34:32","slug":"sortiment","status":"publish","type":"page","link":"https:\/\/svtuinplanten.nl\/de\/sortiment\/","title":{"rendered":"Sortiment"},"content":{"rendered":"\n<section id=\"hero\" class=\"w-full relative flex flex-col items-center justify-center\">\n    <div class=\"max-w-screen-lg mx-auto z-[1]\"> \n        <h1 class=\"text-center text-4xl lg:text-5xl font-bold text-white py-24 lg:py-36\"><\/h1>\n    <\/div>\n    <div class=\"background-container z-[0] overflow-hidden\">\n        <img decoding=\"async\" src=\"https:\/\/svtuinplanten.nl\/wp-content\/uploads\/2023\/07\/assortiment-sv-tuinplanten.jpg\" alt=\"\">\n        <div class=\"image-overlay h-full opacity-30\"><\/div>\n    <\/div>\n<\/section>\n\n\n<section id=\"licentiesoorten\" class=\"section-padding bg-green-medium\/20 relative overflow-hidden\">\n    <div class=\"container relative z-[2]\">\n            <div class=\"text-col col-span-1 flex flex-col justify-start mb-16\">\n                <h2 class=\"text-4xl font-bold text-green-dark mb-6\">Eigenen Lizenzsorten<\/h2>\n                <div class=\"text-wrapper !my-0 text-green-black font-semibold\">Besonders stolz sind wir auf unsere eigenen Lizenzsorten Prunus laurocerasus ELLY\u00ae und Prunus laurocerasus Bonaparte\u00ae.<\/div>\n            <\/div>\n        <div class=\"grid grid-cols-1 md:grid-cols-2 lg:grid-cols-3 gap-8\"><div class=\"col-span-1\"><div class=\"image-wrapper relative z-[2] p-2 bg-white rounded-[16px]\"><div class=\"image-container standing rounded-[8px] overflow-hidden\"><img decoding=\"async\" class=\"\" src=\"https:\/\/svtuinplanten.nl\/wp-content\/uploads\/2023\/08\/prunus-laurocerasus-elly.jpg\" alt=\"\"><\/div><\/div><div class=\"title-wrapper relative inline-block z-[3] pl-4 -mb-4\"><div class=\"kj-button primary !bg-green-dark !block left -translate-y-1\/2 hover:-translate-y-1\/2\">Prunus Laurocerasus\u00a0ELLY\u00ae<\/div><\/div><div class=\"description-wrapper px-4\"><div class=\"text-wrapper text-green-dark font-bold\"><p>Eine schmal-aufrechtwachsende, dunkelgr\u00fcne und sehr winterharte Heckenpflanze.<\/p>\n<\/div><\/div><\/div><div class=\"col-span-1\"><div class=\"image-wrapper relative z-[2] p-2 bg-white rounded-[16px]\"><div class=\"image-container standing rounded-[8px] overflow-hidden\"><img decoding=\"async\" class=\"\" src=\"https:\/\/svtuinplanten.nl\/wp-content\/uploads\/2023\/09\/assortiment-prunus-laurocerasus-bonaparte.jpg\" alt=\"\"><\/div><\/div><div class=\"title-wrapper relative inline-block z-[3] pl-4 -mb-4\"><div class=\"kj-button primary !bg-green-dark !block left -translate-y-1\/2 hover:-translate-y-1\/2\">Prunus Laurocerasus Bonaparte\u00ae<\/div><\/div><div class=\"description-wrapper px-4\"><div class=\"text-wrapper text-green-dark font-bold\"><p>Eine kompakte, aufrechtwachsende, immergr\u00fcne und winterharte Heckenpflanze mit einem orangeroten Austrieb.<\/p>\n<\/div><\/div><\/div><\/div>    <\/div>\n<\/section>\n\n\n\n<section id=\"assortiment\" class=\"section-padding bg-green-medium\/10 relative overflow-hidden\">\n    <div class=\"container relative z-[2]\">\n            <div class=\"text-col col-span-1 flex flex-col justify-start mb-16\">\n                <h2 class=\"text-4xl font-bold text-green-dark mb-6\">Unser Sortiment<\/h2>\n                <div class=\"text-wrapper !my-0 text-green-black font-semibold\">Wir sind stolz auf unser sehr umfangreiches Sortiment an Str\u00e4uchern, Heckenpflanzen und Nadelb\u00e4umen. Da Qualit\u00e4t f\u00fcr uns oberste Priorit\u00e4t hat bauen wir unser Pflanzen vom bewurzelten Steckling bis zum Endprodukt selbst an.<\/div>\n            <\/div>\n        <div class=\"grid grid-cols-2 md:grid-cols-3 lg:grid-cols-4 gap-2 md:gap-4 lg:gap-8\"><div class=\"col-span-1\"><div class=\"image-wrapper relative z-[2] p-2 bg-white rounded-t-[16px] md:rounded-[16px]\"><div class=\"image-container standing rounded-[8px] overflow-hidden\"><img decoding=\"async\" class=\"\" src=\"https:\/\/svtuinplanten.nl\/wp-content\/uploads\/2023\/09\/Elaeagnus-ebbingei-Compacta-rotated.jpg\" alt=\"\"><\/div><\/div><div class=\"title-wrapper w-full md:w-auto relative inline-block z-[3] md:pl-4 md:-mb-4\"><div class=\"kj-button primary !bg-green-dark w-full md:w-auto text-center md:text-left !block left !text-xs sm:!text-sm md:!text-base md:-translate-y-1\/2 !border-0\">Elaeagnus Ebbingei &#8218;Compacta&#8216;<\/div><\/div><\/div><div class=\"col-span-1\"><div class=\"image-wrapper relative z-[2] p-2 bg-white rounded-t-[16px] md:rounded-[16px]\"><div class=\"image-container standing rounded-[8px] overflow-hidden\"><img decoding=\"async\" class=\"\" src=\"https:\/\/svtuinplanten.nl\/wp-content\/uploads\/2023\/09\/Elaeagnus-ebbingei-rotated.jpg\" alt=\"\"><\/div><\/div><div class=\"title-wrapper w-full md:w-auto relative inline-block z-[3] md:pl-4 md:-mb-4\"><div class=\"kj-button primary !bg-green-dark w-full md:w-auto text-center md:text-left !block left !text-xs sm:!text-sm md:!text-base md:-translate-y-1\/2 !border-0\">Elaeagnus Ebbingei<\/div><\/div><\/div><div class=\"col-span-1\"><div class=\"image-wrapper relative z-[2] p-2 bg-white rounded-t-[16px] md:rounded-[16px]\"><div class=\"image-container standing rounded-[8px] overflow-hidden\"><img decoding=\"async\" class=\"\" src=\"https:\/\/svtuinplanten.nl\/wp-content\/uploads\/2023\/09\/Ilex-maximowicziana-Kanehirae-2-rotated.jpg\" alt=\"\"><\/div><\/div><div class=\"title-wrapper w-full md:w-auto relative inline-block z-[3] md:pl-4 md:-mb-4\"><div class=\"kj-button primary !bg-green-dark w-full md:w-auto text-center md:text-left !block left !text-xs sm:!text-sm md:!text-base md:-translate-y-1\/2 !border-0\">Ilex Maximowicziana &#8218;Kanehirae&#8216;<\/div><\/div><\/div><div class=\"col-span-1\"><div class=\"image-wrapper relative z-[2] p-2 bg-white rounded-t-[16px] md:rounded-[16px]\"><div class=\"image-container standing rounded-[8px] overflow-hidden\"><img decoding=\"async\" class=\"\" src=\"https:\/\/svtuinplanten.nl\/wp-content\/uploads\/2023\/09\/Ilex-maximowicziana-Kanehirae-3-rotated.jpg\" alt=\"\"><\/div><\/div><div class=\"title-wrapper w-full md:w-auto relative inline-block z-[3] md:pl-4 md:-mb-4\"><div class=\"kj-button primary !bg-green-dark w-full md:w-auto text-center md:text-left !block left !text-xs sm:!text-sm md:!text-base md:-translate-y-1\/2 !border-0\">Ilex Maximowicziana &#8218;Kanehirae&#8216;<\/div><\/div><\/div><div class=\"col-span-1\"><div class=\"image-wrapper relative z-[2] p-2 bg-white rounded-t-[16px] md:rounded-[16px]\"><div class=\"image-container standing rounded-[8px] overflow-hidden\"><img decoding=\"async\" class=\"\" src=\"https:\/\/svtuinplanten.nl\/wp-content\/uploads\/2023\/09\/Ilex-maximowicziana-Kanehirae.jpg\" alt=\"\"><\/div><\/div><div class=\"title-wrapper w-full md:w-auto relative inline-block z-[3] md:pl-4 md:-mb-4\"><div class=\"kj-button primary !bg-green-dark w-full md:w-auto text-center md:text-left !block left !text-xs sm:!text-sm md:!text-base md:-translate-y-1\/2 !border-0\">Ilex Maximowicziana &#8218;Kanehirae&#8216;<\/div><\/div><\/div><div class=\"col-span-1\"><div class=\"image-wrapper relative z-[2] p-2 bg-white rounded-t-[16px] md:rounded-[16px]\"><div class=\"image-container standing rounded-[8px] overflow-hidden\"><img decoding=\"async\" class=\"\" src=\"https:\/\/svtuinplanten.nl\/wp-content\/uploads\/2023\/09\/Juniperus-scopulorumBlue-Arrow.jpg\" alt=\"\"><\/div><\/div><div class=\"title-wrapper w-full md:w-auto relative inline-block z-[3] md:pl-4 md:-mb-4\"><div class=\"kj-button primary !bg-green-dark w-full md:w-auto text-center md:text-left !block left !text-xs sm:!text-sm md:!text-base md:-translate-y-1\/2 !border-0\">Juniperus Scopulorum &#8218;Blue Arrow&#8216;<\/div><\/div><\/div><div class=\"col-span-1\"><div class=\"image-wrapper relative z-[2] p-2 bg-white rounded-t-[16px] md:rounded-[16px]\"><div class=\"image-container standing rounded-[8px] overflow-hidden\"><img decoding=\"async\" class=\"\" src=\"https:\/\/svtuinplanten.nl\/wp-content\/uploads\/2023\/09\/Osmanthus-burkwoodii.jpg\" alt=\"\"><\/div><\/div><div class=\"title-wrapper w-full md:w-auto relative inline-block z-[3] md:pl-4 md:-mb-4\"><div class=\"kj-button primary !bg-green-dark w-full md:w-auto text-center md:text-left !block left !text-xs sm:!text-sm md:!text-base md:-translate-y-1\/2 !border-0\">Osmanthus Burkwoodii<\/div><\/div><\/div><div class=\"col-span-1\"><div class=\"image-wrapper relative z-[2] p-2 bg-white rounded-t-[16px] md:rounded-[16px]\"><div class=\"image-container standing rounded-[8px] overflow-hidden\"><img decoding=\"async\" class=\"\" src=\"https:\/\/svtuinplanten.nl\/wp-content\/uploads\/2023\/09\/Photinia-fraseri-Red-Robin-2.jpg\" alt=\"\"><\/div><\/div><div class=\"title-wrapper w-full md:w-auto relative inline-block z-[3] md:pl-4 md:-mb-4\"><div class=\"kj-button primary !bg-green-dark w-full md:w-auto text-center md:text-left !block left !text-xs sm:!text-sm md:!text-base md:-translate-y-1\/2 !border-0\">Photinia Fraseri &#8218;Red Robin&#8216;<\/div><\/div><\/div><div class=\"col-span-1\"><div class=\"image-wrapper relative z-[2] p-2 bg-white rounded-t-[16px] md:rounded-[16px]\"><div class=\"image-container standing rounded-[8px] overflow-hidden\"><img decoding=\"async\" class=\"\" src=\"https:\/\/svtuinplanten.nl\/wp-content\/uploads\/2023\/09\/Photinia-fraseri-Carre-Rouge-rotated.jpg\" alt=\"\"><\/div><\/div><div class=\"title-wrapper w-full md:w-auto relative inline-block z-[3] md:pl-4 md:-mb-4\"><div class=\"kj-button primary !bg-green-dark w-full md:w-auto text-center md:text-left !block left !text-xs sm:!text-sm md:!text-base md:-translate-y-1\/2 !border-0\">Photinia Fraseri Carr\u00e9 Rouge<\/div><\/div><\/div><div class=\"col-span-1\"><div class=\"image-wrapper relative z-[2] p-2 bg-white rounded-t-[16px] md:rounded-[16px]\"><div class=\"image-container standing rounded-[8px] overflow-hidden\"><img decoding=\"async\" class=\"\" src=\"https:\/\/svtuinplanten.nl\/wp-content\/uploads\/2023\/09\/Prunus-laurecerasus-Bonaparte.jpg\" alt=\"\"><\/div><\/div><div class=\"title-wrapper w-full md:w-auto relative inline-block z-[3] md:pl-4 md:-mb-4\"><div class=\"kj-button primary !bg-green-dark w-full md:w-auto text-center md:text-left !block left !text-xs sm:!text-sm md:!text-base md:-translate-y-1\/2 !border-0\">Prunus Laurocerasus &#8218;Bonaparte&#8216;<\/div><\/div><\/div><div class=\"col-span-1\"><div class=\"image-wrapper relative z-[2] p-2 bg-white rounded-t-[16px] md:rounded-[16px]\"><div class=\"image-container standing rounded-[8px] overflow-hidden\"><img decoding=\"async\" class=\"\" src=\"https:\/\/svtuinplanten.nl\/wp-content\/uploads\/2023\/09\/Prunus-laurocerasus-Bonaparte-2-rotated.jpg\" alt=\"\"><\/div><\/div><div class=\"title-wrapper w-full md:w-auto relative inline-block z-[3] md:pl-4 md:-mb-4\"><div class=\"kj-button primary !bg-green-dark w-full md:w-auto text-center md:text-left !block left !text-xs sm:!text-sm md:!text-base md:-translate-y-1\/2 !border-0\">Prunus Laurocerasus &#8218;Bonaparte&#8216;<\/div><\/div><\/div><div class=\"col-span-1\"><div class=\"image-wrapper relative z-[2] p-2 bg-white rounded-t-[16px] md:rounded-[16px]\"><div class=\"image-container standing rounded-[8px] overflow-hidden\"><img decoding=\"async\" class=\"\" src=\"https:\/\/svtuinplanten.nl\/wp-content\/uploads\/2023\/09\/Prunus-laurocerasus-Bonaparte.jpg\" alt=\"\"><\/div><\/div><div class=\"title-wrapper w-full md:w-auto relative inline-block z-[3] md:pl-4 md:-mb-4\"><div class=\"kj-button primary !bg-green-dark w-full md:w-auto text-center md:text-left !block left !text-xs sm:!text-sm md:!text-base md:-translate-y-1\/2 !border-0\">Prunus Laurocerasus &#8218;Bonaparte&#8216;<\/div><\/div><\/div><div class=\"col-span-1\"><div class=\"image-wrapper relative z-[2] p-2 bg-white rounded-t-[16px] md:rounded-[16px]\"><div class=\"image-container standing rounded-[8px] overflow-hidden\"><img decoding=\"async\" class=\"\" src=\"https:\/\/svtuinplanten.nl\/wp-content\/uploads\/2023\/09\/Prunus-laurocerasus-Caucasica-rotated.jpg\" alt=\"\"><\/div><\/div><div class=\"title-wrapper w-full md:w-auto relative inline-block z-[3] md:pl-4 md:-mb-4\"><div class=\"kj-button primary !bg-green-dark w-full md:w-auto text-center md:text-left !block left !text-xs sm:!text-sm md:!text-base md:-translate-y-1\/2 !border-0\">Prunus Laurocerasus &#8218;Caucasica&#8216;<\/div><\/div><\/div><div class=\"col-span-1\"><div class=\"image-wrapper relative z-[2] p-2 bg-white rounded-t-[16px] md:rounded-[16px]\"><div class=\"image-container standing rounded-[8px] overflow-hidden\"><img decoding=\"async\" class=\"\" src=\"https:\/\/svtuinplanten.nl\/wp-content\/uploads\/2023\/09\/Prunus-laurocerasus-Elly-2-rotated.jpg\" alt=\"\"><\/div><\/div><div class=\"title-wrapper w-full md:w-auto relative inline-block z-[3] md:pl-4 md:-mb-4\"><div class=\"kj-button primary !bg-green-dark w-full md:w-auto text-center md:text-left !block left !text-xs sm:!text-sm md:!text-base md:-translate-y-1\/2 !border-0\">Prunus Laurocerasus &#8218;Elly&#8216;<\/div><\/div><\/div><div class=\"col-span-1\"><div class=\"image-wrapper relative z-[2] p-2 bg-white rounded-t-[16px] md:rounded-[16px]\"><div class=\"image-container standing rounded-[8px] overflow-hidden\"><img decoding=\"async\" class=\"\" src=\"https:\/\/svtuinplanten.nl\/wp-content\/uploads\/2023\/09\/Prunus-laurocerasus-Elly-3.jpg\" alt=\"\"><\/div><\/div><div class=\"title-wrapper w-full md:w-auto relative inline-block z-[3] md:pl-4 md:-mb-4\"><div class=\"kj-button primary !bg-green-dark w-full md:w-auto text-center md:text-left !block left !text-xs sm:!text-sm md:!text-base md:-translate-y-1\/2 !border-0\">Prunus Laurocerasus &#8218;Elly&#8216;<\/div><\/div><\/div><div class=\"col-span-1\"><div class=\"image-wrapper relative z-[2] p-2 bg-white rounded-t-[16px] md:rounded-[16px]\"><div class=\"image-container standing rounded-[8px] overflow-hidden\"><img decoding=\"async\" class=\"\" src=\"https:\/\/svtuinplanten.nl\/wp-content\/uploads\/2023\/09\/Prunus-laurocerasus-Elly.jpg\" alt=\"\"><\/div><\/div><div class=\"title-wrapper w-full md:w-auto relative inline-block z-[3] md:pl-4 md:-mb-4\"><div class=\"kj-button primary !bg-green-dark w-full md:w-auto text-center md:text-left !block left !text-xs sm:!text-sm md:!text-base md:-translate-y-1\/2 !border-0\">Prunus Laurocerasus &#8218;Elly&#8216;<\/div><\/div><\/div><div class=\"col-span-1\"><div class=\"image-wrapper relative z-[2] p-2 bg-white rounded-t-[16px] md:rounded-[16px]\"><div class=\"image-container standing rounded-[8px] overflow-hidden\"><img decoding=\"async\" class=\"\" src=\"https:\/\/svtuinplanten.nl\/wp-content\/uploads\/2023\/09\/Prunus-laurocerasus-Etna-2-rotated.jpg\" alt=\"\"><\/div><\/div><div class=\"title-wrapper w-full md:w-auto relative inline-block z-[3] md:pl-4 md:-mb-4\"><div class=\"kj-button primary !bg-green-dark w-full md:w-auto text-center md:text-left !block left !text-xs sm:!text-sm md:!text-base md:-translate-y-1\/2 !border-0\">Prunus Laurocerasus &#8218;Etna&#8216;<\/div><\/div><\/div><div class=\"col-span-1\"><div class=\"image-wrapper relative z-[2] p-2 bg-white rounded-t-[16px] md:rounded-[16px]\"><div class=\"image-container standing rounded-[8px] overflow-hidden\"><img decoding=\"async\" class=\"\" src=\"https:\/\/svtuinplanten.nl\/wp-content\/uploads\/2023\/09\/Prunus-laurocerasus-Etna.jpg\" alt=\"\"><\/div><\/div><div class=\"title-wrapper w-full md:w-auto relative inline-block z-[3] md:pl-4 md:-mb-4\"><div class=\"kj-button primary !bg-green-dark w-full md:w-auto text-center md:text-left !block left !text-xs sm:!text-sm md:!text-base md:-translate-y-1\/2 !border-0\">Prunus Laurocerasus &#8218;Etna&#8216;<\/div><\/div><\/div><div class=\"col-span-1\"><div class=\"image-wrapper relative z-[2] p-2 bg-white rounded-t-[16px] md:rounded-[16px]\"><div class=\"image-container standing rounded-[8px] overflow-hidden\"><img decoding=\"async\" class=\"\" src=\"https:\/\/svtuinplanten.nl\/wp-content\/uploads\/2023\/09\/Prunus-laurocerasus-Mount-Vernon.jpg\" alt=\"\"><\/div><\/div><div class=\"title-wrapper w-full md:w-auto relative inline-block z-[3] md:pl-4 md:-mb-4\"><div class=\"kj-button primary !bg-green-dark w-full md:w-auto text-center md:text-left !block left !text-xs sm:!text-sm md:!text-base md:-translate-y-1\/2 !border-0\">Prunus Laurocerasus &#8218;Mount Vernon&#8216;<\/div><\/div><\/div><div class=\"col-span-1\"><div class=\"image-wrapper relative z-[2] p-2 bg-white rounded-t-[16px] md:rounded-[16px]\"><div class=\"image-container standing rounded-[8px] overflow-hidden\"><img decoding=\"async\" class=\"\" src=\"https:\/\/svtuinplanten.nl\/wp-content\/uploads\/2023\/09\/Prunus-laurocerasus-Novita-2.jpg\" alt=\"\"><\/div><\/div><div class=\"title-wrapper w-full md:w-auto relative inline-block z-[3] md:pl-4 md:-mb-4\"><div class=\"kj-button primary !bg-green-dark w-full md:w-auto text-center md:text-left !block left !text-xs sm:!text-sm md:!text-base md:-translate-y-1\/2 !border-0\">Prunus Laurocerasus &#8218;Novita&#8216;<\/div><\/div><\/div><div class=\"col-span-1\"><div class=\"image-wrapper relative z-[2] p-2 bg-white rounded-t-[16px] md:rounded-[16px]\"><div class=\"image-container standing rounded-[8px] overflow-hidden\"><img decoding=\"async\" class=\"\" src=\"https:\/\/svtuinplanten.nl\/wp-content\/uploads\/2023\/09\/Prunus-laurocerasus-Novita.jpg\" alt=\"\"><\/div><\/div><div class=\"title-wrapper w-full md:w-auto relative inline-block z-[3] md:pl-4 md:-mb-4\"><div class=\"kj-button primary !bg-green-dark w-full md:w-auto text-center md:text-left !block left !text-xs sm:!text-sm md:!text-base md:-translate-y-1\/2 !border-0\">Prunus Laurocerasus &#8218;Novita&#8216;<\/div><\/div><\/div><div class=\"col-span-1\"><div class=\"image-wrapper relative z-[2] p-2 bg-white rounded-t-[16px] md:rounded-[16px]\"><div class=\"image-container standing rounded-[8px] overflow-hidden\"><img decoding=\"async\" class=\"\" src=\"https:\/\/svtuinplanten.nl\/wp-content\/uploads\/2023\/09\/Prunus-laurocerasus-Otto-Luyken-rotated.jpg\" alt=\"\"><\/div><\/div><div class=\"title-wrapper w-full md:w-auto relative inline-block z-[3] md:pl-4 md:-mb-4\"><div class=\"kj-button primary !bg-green-dark w-full md:w-auto text-center md:text-left !block left !text-xs sm:!text-sm md:!text-base md:-translate-y-1\/2 !border-0\">Prunus Laurocerasus &#8218;Otto Luyken&#8216;<\/div><\/div><\/div><div class=\"col-span-1\"><div class=\"image-wrapper relative z-[2] p-2 bg-white rounded-t-[16px] md:rounded-[16px]\"><div class=\"image-container standing rounded-[8px] overflow-hidden\"><img decoding=\"async\" class=\"\" src=\"https:\/\/svtuinplanten.nl\/wp-content\/uploads\/2023\/09\/Prunus-laurocerasusRotundifolia.jpg\" alt=\"\"><\/div><\/div><div class=\"title-wrapper w-full md:w-auto relative inline-block z-[3] md:pl-4 md:-mb-4\"><div class=\"kj-button primary !bg-green-dark w-full md:w-auto text-center md:text-left !block left !text-xs sm:!text-sm md:!text-base md:-translate-y-1\/2 !border-0\">Prunus Laurocerasus &#8218;Rotundifola&#8216;<\/div><\/div><\/div><div class=\"col-span-1\"><div class=\"image-wrapper relative z-[2] p-2 bg-white rounded-t-[16px] md:rounded-[16px]\"><div class=\"image-container standing rounded-[8px] overflow-hidden\"><img decoding=\"async\" class=\"\" src=\"https:\/\/svtuinplanten.nl\/wp-content\/uploads\/2023\/09\/Prunus-lusitanica-Angustifolia-2.jpg\" alt=\"\"><\/div><\/div><div class=\"title-wrapper w-full md:w-auto relative inline-block z-[3] md:pl-4 md:-mb-4\"><div class=\"kj-button primary !bg-green-dark w-full md:w-auto text-center md:text-left !block left !text-xs sm:!text-sm md:!text-base md:-translate-y-1\/2 !border-0\">Prunus Laurocerasus &#8218;Angustifolia&#8216;<\/div><\/div><\/div><div class=\"col-span-1\"><div class=\"image-wrapper relative z-[2] p-2 bg-white rounded-t-[16px] md:rounded-[16px]\"><div class=\"image-container standing rounded-[8px] overflow-hidden\"><img decoding=\"async\" class=\"\" src=\"https:\/\/svtuinplanten.nl\/wp-content\/uploads\/2023\/09\/Prunus-lusitanica-Angustifolia.jpg\" alt=\"\"><\/div><\/div><div class=\"title-wrapper w-full md:w-auto relative inline-block z-[3] md:pl-4 md:-mb-4\"><div class=\"kj-button primary !bg-green-dark w-full md:w-auto text-center md:text-left !block left !text-xs sm:!text-sm md:!text-base md:-translate-y-1\/2 !border-0\">Prunus Laurocerasus &#8218;Angustifolia&#8216;<\/div><\/div><\/div><div class=\"col-span-1\"><div class=\"image-wrapper relative z-[2] p-2 bg-white rounded-t-[16px] md:rounded-[16px]\"><div class=\"image-container standing rounded-[8px] overflow-hidden\"><img decoding=\"async\" class=\"\" src=\"https:\/\/svtuinplanten.nl\/wp-content\/uploads\/2023\/09\/Taxus-baccata.jpg\" alt=\"\"><\/div><\/div><div class=\"title-wrapper w-full md:w-auto relative inline-block z-[3] md:pl-4 md:-mb-4\"><div class=\"kj-button primary !bg-green-dark w-full md:w-auto text-center md:text-left !block left !text-xs sm:!text-sm md:!text-base md:-translate-y-1\/2 !border-0\">Taxus Baccata<\/div><\/div><\/div><div class=\"col-span-1\"><div class=\"image-wrapper relative z-[2] p-2 bg-white rounded-t-[16px] md:rounded-[16px]\"><div class=\"image-container standing rounded-[8px] overflow-hidden\"><img decoding=\"async\" class=\"\" src=\"https:\/\/svtuinplanten.nl\/wp-content\/uploads\/2023\/09\/Taxus-media-Hicksii.jpg\" alt=\"\"><\/div><\/div><div class=\"title-wrapper w-full md:w-auto relative inline-block z-[3] md:pl-4 md:-mb-4\"><div class=\"kj-button primary !bg-green-dark w-full md:w-auto text-center md:text-left !block left !text-xs sm:!text-sm md:!text-base md:-translate-y-1\/2 !border-0\">Taxus Media &#8218;Hicksii&#8216;<\/div><\/div><\/div><div class=\"col-span-1\"><div class=\"image-wrapper relative z-[2] p-2 bg-white rounded-t-[16px] md:rounded-[16px]\"><div class=\"image-container standing rounded-[8px] overflow-hidden\"><img decoding=\"async\" class=\"\" src=\"https:\/\/svtuinplanten.nl\/wp-content\/uploads\/2023\/09\/Taxus-media-Hillii.jpg\" alt=\"\"><\/div><\/div><div class=\"title-wrapper w-full md:w-auto relative inline-block z-[3] md:pl-4 md:-mb-4\"><div class=\"kj-button primary !bg-green-dark w-full md:w-auto text-center md:text-left !block left !text-xs sm:!text-sm md:!text-base md:-translate-y-1\/2 !border-0\">Taxus Media &#8218;Hillii&#8216;<\/div><\/div><\/div><div class=\"col-span-1\"><div class=\"image-wrapper relative z-[2] p-2 bg-white rounded-t-[16px] md:rounded-[16px]\"><div class=\"image-container standing rounded-[8px] overflow-hidden\"><img decoding=\"async\" class=\"\" src=\"https:\/\/svtuinplanten.nl\/wp-content\/uploads\/2023\/09\/Thuja-occidentalis-Brabant.jpg\" alt=\"\"><\/div><\/div><div class=\"title-wrapper w-full md:w-auto relative inline-block z-[3] md:pl-4 md:-mb-4\"><div class=\"kj-button primary !bg-green-dark w-full md:w-auto text-center md:text-left !block left !text-xs sm:!text-sm md:!text-base md:-translate-y-1\/2 !border-0\">Thuja Occidentalis &#8218;Brabant&#8216;<\/div><\/div><\/div><div class=\"col-span-1\"><div class=\"image-wrapper relative z-[2] p-2 bg-white rounded-t-[16px] md:rounded-[16px]\"><div class=\"image-container standing rounded-[8px] overflow-hidden\"><img decoding=\"async\" class=\"\" src=\"https:\/\/svtuinplanten.nl\/wp-content\/uploads\/2023\/09\/Thuja-occidentalis-Smaragd.jpg\" alt=\"\"><\/div><\/div><div class=\"title-wrapper w-full md:w-auto relative inline-block z-[3] md:pl-4 md:-mb-4\"><div class=\"kj-button primary !bg-green-dark w-full md:w-auto text-center md:text-left !block left !text-xs sm:!text-sm md:!text-base md:-translate-y-1\/2 !border-0\">Thuja Occidentalis &#8218;Smaragd&#8216;<\/div><\/div><\/div><div class=\"col-span-1\"><div class=\"image-wrapper relative z-[2] p-2 bg-white rounded-t-[16px] md:rounded-[16px]\"><div class=\"image-container standing rounded-[8px] overflow-hidden\"><img decoding=\"async\" class=\"\" src=\"https:\/\/svtuinplanten.nl\/wp-content\/uploads\/2023\/09\/Thuja-plicata-Excelsa.jpg\" alt=\"\"><\/div><\/div><div class=\"title-wrapper w-full md:w-auto relative inline-block z-[3] md:pl-4 md:-mb-4\"><div class=\"kj-button primary !bg-green-dark w-full md:w-auto text-center md:text-left !block left !text-xs sm:!text-sm md:!text-base md:-translate-y-1\/2 !border-0\">Thuja Plicata &#8218;Excelsa&#8216;<\/div><\/div><\/div><div class=\"col-span-1\"><div class=\"image-wrapper relative z-[2] p-2 bg-white rounded-t-[16px] md:rounded-[16px]\"><div class=\"image-container standing rounded-[8px] overflow-hidden\"><img decoding=\"async\" class=\"\" src=\"https:\/\/svtuinplanten.nl\/wp-content\/uploads\/2023\/09\/Thuja-plicata-Gelderland.jpg\" alt=\"\"><\/div><\/div><div class=\"title-wrapper w-full md:w-auto relative inline-block z-[3] md:pl-4 md:-mb-4\"><div class=\"kj-button primary !bg-green-dark w-full md:w-auto text-center md:text-left !block left !text-xs sm:!text-sm md:!text-base md:-translate-y-1\/2 !border-0\">Thuja Plicata &#8218;Gelderland&#8216;<\/div><\/div><\/div><\/div>    <\/div>\n<\/section>\n","protected":false},"excerpt":{"rendered":"","protected":false},"author":1,"featured_media":0,"parent":0,"menu_order":0,"comment_status":"closed","ping_status":"closed","template":"templates\/content.php","meta":{"_acf_changed":false,"footnotes":""},"class_list":["post-386","page","type-page","status-publish","hentry"],"acf":[],"_links":{"self":[{"href":"https:\/\/svtuinplanten.nl\/de\/wp-json\/wp\/v2\/pages\/386","targetHints":{"allow":["GET"]}}],"collection":[{"href":"https:\/\/svtuinplanten.nl\/de\/wp-json\/wp\/v2\/pages"}],"about":[{"href":"https:\/\/svtuinplanten.nl\/de\/wp-json\/wp\/v2\/types\/page"}],"author":[{"embeddable":true,"href":"https:\/\/svtuinplanten.nl\/de\/wp-json\/wp\/v2\/users\/1"}],"replies":[{"embeddable":true,"href":"https:\/\/svtuinplanten.nl\/de\/wp-json\/wp\/v2\/comments?post=386"}],"version-history":[{"count":5,"href":"https:\/\/svtuinplanten.nl\/de\/wp-json\/wp\/v2\/pages\/386\/revisions"}],"predecessor-version":[{"id":613,"href":"https:\/\/svtuinplanten.nl\/de\/wp-json\/wp\/v2\/pages\/386\/revisions\/613"}],"wp:attachment":[{"href":"https:\/\/svtuinplanten.nl\/de\/wp-json\/wp\/v2\/media?parent=386"}],"curies":[{"name":"wp","href":"https:\/\/api.w.org\/{rel}","templated":true}]}}